{"id":82,"date":"2024-07-26T16:43:24","date_gmt":"2024-07-26T16:43:24","guid":{"rendered":"https:\/\/ipadillabeauty.com\/?page_id=82"},"modified":"2024-07-26T17:20:38","modified_gmt":"2024-07-26T17:20:38","slug":"about-us","status":"publish","type":"page","link":"https:\/\/ipadillabeauty.com\/index.php\/about-us\/","title":{"rendered":"About Us"},"content":{"rendered":"\t\t<div data-elementor-type=\"wp-page\" data-elementor-id=\"82\" class=\"elementor elementor-82\" data-elementor-post-type=\"page\">\n\t\t\t\t<div class=\"elementor-element elementor-element-a4a5bee e-flex e-con-boxed e-con e-parent\" data-id=\"a4a5bee\" data-element_type=\"container\" data-e-type=\"container\">\n\t\t\t\t\t<div class=\"e-con-inner\">\n\t\t\t\t<div class=\"elementor-element elementor-element-d52a66d elementor-widget elementor-widget-template\" data-id=\"d52a66d\" data-element_type=\"widget\" data-e-type=\"widget\" data-widget_type=\"template.default\">\n\t\t\t\t<div class=\"elementor-widget-container\">\n\t\t\t\t\t\t\t<div class=\"elementor-template\">\n\t\t\t\t\t<div data-elementor-type=\"page\" data-elementor-id=\"32\" class=\"elementor elementor-32\" data-elementor-post-type=\"elementor_library\">\n\t\t\t\t\t\t<section class=\"elementor-section elementor-top-section elementor-element elementor-element-49f9f5c6 elementor-section-boxed elementor-section-height-default elementor-section-height-default\" data-id=\"49f9f5c6\" data-element_type=\"section\" data-e-type=\"section\">\n\t\t\t\t\t\t<div class=\"elementor-container elementor-column-gap-wide\">\n\t\t\t\t\t<div class=\"elementor-column elementor-col-100 elementor-top-column elementor-element elementor-element-14915971\" data-id=\"14915971\" data-element_type=\"column\" data-e-type=\"column\">\n\t\t\t<div class=\"elementor-widget-wrap elementor-element-populated\">\n\t\t\t\t\t\t<div class=\"elementor-element elementor-element-feb094b elementor-widget elementor-widget-heading\" data-id=\"feb094b\" data-element_type=\"widget\" data-e-type=\"widget\" data-widget_type=\"heading.default\">\n\t\t\t\t<div class=\"elementor-widget-container\">\n\t\t\t\t\t<h2 class=\"elementor-heading-title elementor-size-default\">Sobre mi<\/h2>\t\t\t\t<\/div>\n\t\t\t\t<\/div>\n\t\t\t\t<div class=\"elementor-element elementor-element-3d3eb0b7 elementor-widget elementor-widget-text-editor\" data-id=\"3d3eb0b7\" data-element_type=\"widget\" data-e-type=\"widget\" data-widget_type=\"text-editor.default\">\n\t\t\t\t<div class=\"elementor-widget-container\">\n\t\t\t\t\t\t\t\t\t<p>Para m\u00ed, la belleza va m\u00e1s all\u00e1 de lo superficial; es una cuesti\u00f3n de bienestar integral. Por eso, he creado cremas con manteca de karit\u00e9 para pieles secas , bakuchiol para pieles mixtas y grasas y aceite de coco ingrediente clave en la leche limpiadora, formuladas con ingredientes naturales que equilibran e hidratan la piel. Adem\u00e1s, me comprometo con la sostenibilidad, adoptando pr\u00e1cticas responsables en cada paso del proceso. Quiero compartir contigo no solo productos eficaces, sino tambi\u00e9n conocimientos claros sobre sus beneficios. Acomp\u00e1\u00f1ame en este camino hacia una piel m\u00e1s saludable, luminosa y cuidada con amor.<\/p>\t\t\t\t\t\t\t\t<\/div>\n\t\t\t\t<\/div>\n\t\t\t\t<div class=\"elementor-element elementor-element-198a9eac elementor-widget elementor-widget-image\" data-id=\"198a9eac\" data-element_type=\"widget\" data-e-type=\"widget\" data-widget_type=\"image.default\">\n\t\t\t\t<div class=\"elementor-widget-container\">\n\t\t\t\t\t\t\t\t\t\t\t\t\t\t\t<img fetchpriority=\"high\" decoding=\"async\" width=\"2000\" height=\"2000\" src=\"https:\/\/ipadillabeauty.com\/wp-content\/uploads\/2024\/07\/portrait-of-young-beautiful-woman-against-flying-fabric-beauty.jpg\" class=\"attachment-full size-full wp-image-31\" alt=\"\" srcset=\"https:\/\/ipadillabeauty.com\/wp-content\/uploads\/2024\/07\/portrait-of-young-beautiful-woman-against-flying-fabric-beauty.jpg 2000w, https:\/\/ipadillabeauty.com\/wp-content\/uploads\/2024\/07\/portrait-of-young-beautiful-woman-against-flying-fabric-beauty-300x300.jpg 300w, https:\/\/ipadillabeauty.com\/wp-content\/uploads\/2024\/07\/portrait-of-young-beautiful-woman-against-flying-fabric-beauty-100x100.jpg 100w, https:\/\/ipadillabeauty.com\/wp-content\/uploads\/2024\/07\/portrait-of-young-beautiful-woman-against-flying-fabric-beauty-600x600.jpg 600w, https:\/\/ipadillabeauty.com\/wp-content\/uploads\/2024\/07\/portrait-of-young-beautiful-woman-against-flying-fabric-beauty-1024x1024.jpg 1024w, https:\/\/ipadillabeauty.com\/wp-content\/uploads\/2024\/07\/portrait-of-young-beautiful-woman-against-flying-fabric-beauty-150x150.jpg 150w, https:\/\/ipadillabeauty.com\/wp-content\/uploads\/2024\/07\/portrait-of-young-beautiful-woman-against-flying-fabric-beauty-768x768.jpg 768w, https:\/\/ipadillabeauty.com\/wp-content\/uploads\/2024\/07\/portrait-of-young-beautiful-woman-against-flying-fabric-beauty-1536x1536.jpg 1536w\" sizes=\"(max-width: 2000px) 100vw, 2000px\" \/>\t\t\t\t\t\t\t\t\t\t\t\t\t\t\t<\/div>\n\t\t\t\t<\/div>\n\t\t\t\t<div class=\"elementor-element elementor-element-78bf14f3 elementor-widget elementor-widget-elementskit-simple-tab\" data-id=\"78bf14f3\" data-element_type=\"widget\" data-e-type=\"widget\" data-widget_type=\"elementskit-simple-tab.default\">\n\t\t\t\t<div class=\"elementor-widget-container\">\n\t\t\t\t\t<div class=\"ekit-wid-con\" >        <div class=\"elementkit-tab-wraper  \">\n            <ul class=\"nav nav-tabs elementkit-tab-nav  elementskit-fullwidth-tab\">\n                                    <li class=\"elementkit-nav-item elementor-repeater-item-59ebc14\">\n                        <a class=\"elementkit-nav-link  active show left-pos\" id=\"content-59ebc1469f3b2e9558b5-tab\" data-ekit-handler-id=\"vision\" data-ekit-toggle=\"tab\" data-target=\"#content-59ebc1469f3b2e9558b5\" href=\"#Content-59ebc1469f3b2e9558b5\"\n                            data-ekit-toggle-trigger=\"click\"\n                            aria-describedby=\"Content-59ebc1469f3b2e9558b5\">\n                                                        <span class=\"elementskit-tab-title\">Vision<\/span>\n                        <\/a>\n                    <\/li>\n                                        <li class=\"elementkit-nav-item elementor-repeater-item-b8ae6a9\">\n                        <a class=\"elementkit-nav-link  left-pos\" id=\"content-b8ae6a969f3b2e9558b5-tab\" data-ekit-handler-id=\"misi-n\" data-ekit-toggle=\"tab\" data-target=\"#content-b8ae6a969f3b2e9558b5\" href=\"#Content-b8ae6a969f3b2e9558b5\"\n                            data-ekit-toggle-trigger=\"click\"\n                            aria-describedby=\"Content-b8ae6a969f3b2e9558b5\">\n                                                        <span class=\"elementskit-tab-title\">Misi\u00f3n<\/span>\n                        <\/a>\n                    <\/li>\n                                        <li class=\"elementkit-nav-item elementor-repeater-item-e27f683\">\n                        <a class=\"elementkit-nav-link  left-pos\" id=\"content-e27f68369f3b2e9558b5-tab\" data-ekit-handler-id=\"historia\" data-ekit-toggle=\"tab\" data-target=\"#content-e27f68369f3b2e9558b5\" href=\"#Content-e27f68369f3b2e9558b5\"\n                            data-ekit-toggle-trigger=\"click\"\n                            aria-describedby=\"Content-e27f68369f3b2e9558b5\">\n                                                        <span class=\"elementskit-tab-title\">Historia<\/span>\n                        <\/a>\n                    <\/li>\n                                <\/ul>\n\n            <div class=\"tab-content elementkit-tab-content\">\n                                    <div class=\"tab-pane elementkit-tab-pane elementor-repeater-item-59ebc14  active show\" id=\"content-59ebc1469f3b2e9558b5\" role=\"tabpanel\"\n                         aria-labelledby=\"content-59ebc1469f3b2e9558b5-tab\">\n                        <div class=\"animated fadeIn\">\n                            <p style=\"text-align: center;\">En Ivon Padilla Beauty, aspiramos a ser l\u00edderes en el cuidado de la piel, ofreciendo productos que realzan la belleza natural y promueven la salud integral de nuestros clientes. Nuestra visi\u00f3n es crear un mundo donde el cuidado personal est\u00e9 vinculado al respeto por el medio ambiente y la sostenibilidad, proporcionando soluciones de belleza efectivas y ecol\u00f3gicas. Queremos empoderar a cada individuo para que se sienta seguro y radiante en su propia piel, fomentando una comunidad global de consumidores informados y conscientes.<\/p>                        <\/div>\n                    <\/div>\n                                    <div class=\"tab-pane elementkit-tab-pane elementor-repeater-item-b8ae6a9 \" id=\"content-b8ae6a969f3b2e9558b5\" role=\"tabpanel\"\n                         aria-labelledby=\"content-b8ae6a969f3b2e9558b5-tab\">\n                        <div class=\"animated fadeIn\">\n                            <p>Nuestra misi\u00f3n en Ivon Padilla Beauty es ofrecer productos de belleza de alta calidad que respeten tanto la piel como el medio ambiente. Nos comprometemos a utilizar ingredientes naturales y sostenibles, desarrollando f\u00f3rmulas innovadoras que mejoren la salud de la piel sin comprometer nuestros valores \u00e9ticos. A trav\u00e9s de la transparencia y la educaci\u00f3n, buscamos inspirar a nuestros clientes a tomar decisiones informadas sobre su cuidado personal, promoviendo pr\u00e1cticas de belleza conscientes y responsables.<\/p>                        <\/div>\n                    <\/div>\n                                    <div class=\"tab-pane elementkit-tab-pane elementor-repeater-item-e27f683 \" id=\"content-e27f68369f3b2e9558b5\" role=\"tabpanel\"\n                         aria-labelledby=\"content-e27f68369f3b2e9558b5-tab\">\n                        <div class=\"animated fadeIn\">\n                            <p>A los 17 a\u00f1os, la dermatitis cambi\u00f3 mi vida. Buscando una soluci\u00f3n natural y efectiva, me form\u00e9 en est\u00e9tica y experiment\u00e9 con diferentes f\u00f3rmulas hasta crear una mezcla que san\u00f3 mi piel.<br \/>Ese descubrimiento me llev\u00f3 a ayudar a mis clientas y, con el tiempo, a lanzar mi propia marca para ofrecer cremas que realmente funcionen. Mis f\u00f3rmulas combinan manteca de karit\u00e9 para una hidrataci\u00f3n profunda, bakuchiol para equilibrar la piel mixta y grasa, y aceite de coco, un limpiador natural que tambi\u00e9n apto para todo tipo de pieles. Este proyecto naci\u00f3 de mi propia experiencia y est\u00e1 hecho con amor para quienes buscan una piel sana y radiante.<\/p>                        <\/div>\n                    <\/div>\n                                \n            <\/div>\n                    <\/div>\n    <\/div>\t\t\t\t<\/div>\n\t\t\t\t<\/div>\n\t\t\t\t\t<\/div>\n\t\t<\/div>\n\t\t\t\t\t<\/div>\n\t\t<\/section>\n\t\t\t\t<\/div>\n\t\t\t\t<\/div>\n\t\t\t\t\t\t<\/div>\n\t\t\t\t<\/div>\n\t\t\t\t\t<\/div>\n\t\t\t\t<\/div>\n\t\t\t\t<\/div>\n\t\t","protected":false},"excerpt":{"rendered":"","protected":false},"author":1,"featured_media":0,"parent":0,"menu_order":0,"comment_status":"closed","ping_status":"closed","template":"","meta":{"footnotes":""},"class_list":["post-82","page","type-page","status-publish","hentry"],"_links":{"self":[{"href":"https:\/\/ipadillabeauty.com\/index.php\/wp-json\/wp\/v2\/pages\/82"}],"collection":[{"href":"https:\/\/ipadillabeauty.com\/index.php\/wp-json\/wp\/v2\/pages"}],"about":[{"href":"https:\/\/ipadillabeauty.com\/index.php\/wp-json\/wp\/v2\/types\/page"}],"author":[{"embeddable":true,"href":"https:\/\/ipadillabeauty.com\/index.php\/wp-json\/wp\/v2\/users\/1"}],"replies":[{"embeddable":true,"href":"https:\/\/ipadillabeauty.com\/index.php\/wp-json\/wp\/v2\/comments?post=82"}],"version-history":[{"count":5,"href":"https:\/\/ipadillabeauty.com\/index.php\/wp-json\/wp\/v2\/pages\/82\/revisions"}],"predecessor-version":[{"id":121,"href":"https:\/\/ipadillabeauty.com\/index.php\/wp-json\/wp\/v2\/pages\/82\/revisions\/121"}],"wp:attachment":[{"href":"https:\/\/ipadillabeauty.com\/index.php\/wp-json\/wp\/v2\/media?parent=82"}],"curies":[{"name":"wp","href":"https:\/\/api.w.org\/{rel}","templated":true}]}}